{"id":13308,"date":"2023-09-05T16:13:57","date_gmt":"2023-09-05T14:13:57","guid":{"rendered":"https:\/\/valeo-it.com\/?page_id=13308"},"modified":"2023-11-30T14:32:08","modified_gmt":"2023-11-30T12:32:08","slug":"valeo-it-philippines","status":"publish","type":"page","link":"https:\/\/staging.valeo-it.com\/es\/valeo-it-philippines\/","title":{"rendered":"VALEO IT en Filipinas"},"content":{"rendered":"<div data-elementor-type=\"wp-page\" data-elementor-id=\"13308\" class=\"elementor elementor-13308\" data-elementor-post-type=\"page\">\n\t\t\t\t\t\t<section class=\"elementor-section elementor-top-section elementor-element elementor-element-d25b795 elementor-section-full_width elementor-hidden-tablet elementor-hidden-mobile elementor-section-height-default elementor-section-height-default\" data-id=\"d25b795\" data-element_type=\"section\" data-e-type=\"section\">\n\t\t\t\t\t\t<div class=\"elementor-container elementor-column-gap-default\">\n\t\t\t\t\t<div class=\"elementor-column elementor-col-33 elementor-top-column elementor-element elementor-element-a3b0c10\" data-id=\"a3b0c10\" data-element_type=\"column\" data-e-type=\"column\">\n\t\t\t<div class=\"elementor-widget-wrap\">\n\t\t\t\t\t\t\t<\/div>\n\t\t<\/div>\n\t\t\t\t<div class=\"elementor-column elementor-col-33 elementor-top-column elementor-element elementor-element-ca2819d\" data-id=\"ca2819d\" data-element_type=\"column\" data-e-type=\"column\">\n\t\t\t<div class=\"elementor-widget-wrap elementor-element-populated\">\n\t\t\t\t\t\t<div class=\"elementor-element elementor-element-d35df9b elementor-widget elementor-widget-text-editor\" data-id=\"d35df9b\" data-element_type=\"widget\" data-e-type=\"widget\" data-widget_type=\"text-editor.default\">\n\t\t\t\t<div class=\"elementor-widget-container\">\n\t\t\t\t\t\t\t\t\t<p>VALEO IT en Filipinas<\/p>\t\t\t\t\t\t\t\t<\/div>\n\t\t\t\t<\/div>\n\t\t\t\t\t<\/div>\n\t\t<\/div>\n\t\t\t\t<div class=\"elementor-column elementor-col-33 elementor-top-column elementor-element elementor-element-1bdfdee\" data-id=\"1bdfdee\" data-element_type=\"column\" data-e-type=\"column\">\n\t\t\t<div class=\"elementor-widget-wrap\">\n\t\t\t\t\t\t\t<\/div>\n\t\t<\/div>\n\t\t\t\t\t<\/div>\n\t\t<\/section>\n\t\t\t\t<section class=\"elementor-section elementor-top-section elementor-element elementor-element-5f0fd88 elementor-section-full_width elementor-hidden-desktop elementor-section-height-default elementor-section-height-default\" data-id=\"5f0fd88\" data-element_type=\"section\" data-e-type=\"section\">\n\t\t\t\t\t\t<div class=\"elementor-container elementor-column-gap-default\">\n\t\t\t\t\t<div class=\"elementor-column elementor-col-33 elementor-top-column elementor-element elementor-element-70fe35a\" data-id=\"70fe35a\" data-element_type=\"column\" data-e-type=\"column\">\n\t\t\t<div class=\"elementor-widget-wrap\">\n\t\t\t\t\t\t\t<\/div>\n\t\t<\/div>\n\t\t\t\t<div class=\"elementor-column elementor-col-33 elementor-top-column elementor-element elementor-element-d56aadf\" data-id=\"d56aadf\" data-element_type=\"column\" data-e-type=\"column\">\n\t\t\t<div class=\"elementor-widget-wrap elementor-element-populated\">\n\t\t\t\t\t\t<div class=\"elementor-element elementor-element-7ed34fb elementor-widget elementor-widget-text-editor\" data-id=\"7ed34fb\" data-element_type=\"widget\" data-e-type=\"widget\" data-widget_type=\"text-editor.default\">\n\t\t\t\t<div class=\"elementor-widget-container\">\n\t\t\t\t\t\t\t\t\t<p>VALEO IT en Filipinas<\/p>\t\t\t\t\t\t\t\t<\/div>\n\t\t\t\t<\/div>\n\t\t\t\t\t<\/div>\n\t\t<\/div>\n\t\t\t\t<div class=\"elementor-column elementor-col-33 elementor-top-column elementor-element elementor-element-9dddac6\" data-id=\"9dddac6\" data-element_type=\"column\" data-e-type=\"column\">\n\t\t\t<div class=\"elementor-widget-wrap\">\n\t\t\t\t\t\t\t<\/div>\n\t\t<\/div>\n\t\t\t\t\t<\/div>\n\t\t<\/section>\n\t\t\t\t<section class=\"elementor-section elementor-top-section elementor-element elementor-element-f3c89f4 elementor-section-full_width elementor-hidden-tablet elementor-hidden-mobile elementor-section-height-default elementor-section-height-default\" data-id=\"f3c89f4\" data-element_type=\"section\" data-e-type=\"section\">\n\t\t\t\t\t\t<div class=\"elementor-container elementor-column-gap-default\">\n\t\t\t\t\t<div class=\"elementor-column elementor-col-25 elementor-top-column elementor-element elementor-element-8e798d4\" data-id=\"8e798d4\" data-element_type=\"column\" data-e-type=\"column\">\n\t\t\t<div class=\"elementor-widget-wrap\">\n\t\t\t\t\t\t\t<\/div>\n\t\t<\/div>\n\t\t\t\t<div class=\"elementor-column elementor-col-25 elementor-top-column elementor-element elementor-element-e6c6333\" data-id=\"e6c6333\" data-element_type=\"column\" data-e-type=\"column\">\n\t\t\t<div class=\"elementor-widget-wrap elementor-element-populated\">\n\t\t\t\t\t\t<div class=\"elementor-element elementor-element-edb4550 elementor-widget elementor-widget-heading\" data-id=\"edb4550\" data-element_type=\"widget\" data-e-type=\"widget\" data-widget_type=\"heading.default\">\n\t\t\t\t<div class=\"elementor-widget-container\">\n\t\t\t\t\t<h5 class=\"elementor-heading-title elementor-size-default\">Creemos que las personas son nuestro mayor activo <\/h5>\t\t\t\t<\/div>\n\t\t\t\t<\/div>\n\t\t\t\t<div class=\"elementor-element elementor-element-3be8866 elementor-widget elementor-widget-heading\" data-id=\"3be8866\" data-element_type=\"widget\" data-e-type=\"widget\" data-widget_type=\"heading.default\">\n\t\t\t\t<div class=\"elementor-widget-container\">\n\t\t\t\t\t<p class=\"elementor-heading-title elementor-size-default\">05.09.2022 | Philippines<\/p>\t\t\t\t<\/div>\n\t\t\t\t<\/div>\n\t\t\t\t<div class=\"elementor-element elementor-element-870e40a elementor-widget elementor-widget-heading\" data-id=\"870e40a\" data-element_type=\"widget\" data-e-type=\"widget\" data-widget_type=\"heading.default\">\n\t\t\t\t<div class=\"elementor-widget-container\">\n\t\t\t\t\t<p class=\"elementor-heading-title elementor-size-default\">VALEO IT Services Inc. es una empresa proveedora de servicios inform\u00e1ticos relativamente nueva en Filipinas. Desde nuestra sede en Luhe-Wildenau, Alemania, VALEO IT Services International GmbH tiene una presencia global y operaciones que abarcan Europa, Am\u00e9rica y la regi\u00f3n de Asia-Pac\u00edfico. Desde nuestros humildes comienzos en 2018, con solo dos empleados, hemos crecido en n\u00famero y estamos formados por diversos equipos como, Service Desk, Multi Customer Operation, Database Admins, Linux Engineers, IT ECAD Engineers, Mobility Team, and Server, Storage and Virtualization Engineers que crean soluciones basadas en tecnolog\u00eda en un entorno multicultural 24\/7, dando soporte tanto a equipos de aplicaciones como de infraestructuras. Los diferentes niveles de soporte que hemos proporcionado tambi\u00e9n est\u00e1n disponibles en diferentes idiomas, ingl\u00e9s, mandar\u00edn, espa\u00f1ol y japon\u00e9s.<br> <br>\n\nAt VALEO IT we believe that people are our greatest asset and we regard employees as jewels in the field. Their skills, knowledge, and expertise are the strength that contributes to the success of our company. It is precisely these skills that are the reasons why we have exceeded our customers\u00b4 expectations and why we have earned their trust and confidence. Aside from work-life balance, employees are also given equal opportunity regardless of race, color, religion, age, citizenship, marital status, sexual orientation, gender identity and regardless of what country or regions they belong to.\n\nHere at VALEO IT Manila we have a relax and homely environment, the casual and not-so-office like vibe fits in very well and makes employees feel at home at work.<\/p>\t\t\t\t<\/div>\n\t\t\t\t<\/div>\n\t\t\t\t\t<\/div>\n\t\t<\/div>\n\t\t\t\t<div class=\"elementor-column elementor-col-25 elementor-top-column elementor-element elementor-element-46e7e9f\" data-id=\"46e7e9f\" data-element_type=\"column\" data-e-type=\"column\">\n\t\t\t<div class=\"elementor-widget-wrap elementor-element-populated\">\n\t\t\t\t\t\t<div class=\"elementor-element elementor-element-980d912 elementor-widget elementor-widget-image\" data-id=\"980d912\" data-element_type=\"widget\" data-e-type=\"widget\" data-widget_type=\"image.default\">\n\t\t\t\t<div class=\"elementor-widget-container\">\n\t\t\t\t\t\t\t\t\t\t\t\t\t\t\t<img fetchpriority=\"high\" decoding=\"async\" width=\"864\" height=\"604\" src=\"https:\/\/staging.valeo-it.com\/wp-content\/uploads\/2023\/09\/VALEO-IT-in-the-Philippines@2x-1.png\" class=\"attachment-full size-full wp-image-13313\" alt=\"\" srcset=\"https:\/\/staging.valeo-it.com\/wp-content\/uploads\/2023\/09\/VALEO-IT-in-the-Philippines@2x-1.png 864w, https:\/\/staging.valeo-it.com\/wp-content\/uploads\/2023\/09\/VALEO-IT-in-the-Philippines@2x-1-300x210.png 300w, https:\/\/staging.valeo-it.com\/wp-content\/uploads\/2023\/09\/VALEO-IT-in-the-Philippines@2x-1-768x537.png 768w, https:\/\/staging.valeo-it.com\/wp-content\/uploads\/2023\/09\/VALEO-IT-in-the-Philippines@2x-1-18x12.png 18w\" sizes=\"(max-width: 864px) 100vw, 864px\" \/>\t\t\t\t\t\t\t\t\t\t\t\t\t\t\t<\/div>\n\t\t\t\t<\/div>\n\t\t\t\t\t<\/div>\n\t\t<\/div>\n\t\t\t\t<div class=\"elementor-column elementor-col-25 elementor-top-column elementor-element elementor-element-fd72586\" data-id=\"fd72586\" data-element_type=\"column\" data-e-type=\"column\">\n\t\t\t<div class=\"elementor-widget-wrap\">\n\t\t\t\t\t\t\t<\/div>\n\t\t<\/div>\n\t\t\t\t\t<\/div>\n\t\t<\/section>\n\t\t\t\t<section class=\"elementor-section elementor-top-section elementor-element elementor-element-79bfeb9 elementor-section-full_width elementor-hidden-desktop elementor-section-height-default elementor-section-height-default\" data-id=\"79bfeb9\" data-element_type=\"section\" data-e-type=\"section\">\n\t\t\t\t\t\t<div class=\"elementor-container elementor-column-gap-default\">\n\t\t\t\t\t<div class=\"elementor-column elementor-col-25 elementor-top-column elementor-element elementor-element-3e5cead\" data-id=\"3e5cead\" data-element_type=\"column\" data-e-type=\"column\">\n\t\t\t<div class=\"elementor-widget-wrap\">\n\t\t\t\t\t\t\t<\/div>\n\t\t<\/div>\n\t\t\t\t<div class=\"elementor-column elementor-col-25 elementor-top-column elementor-element elementor-element-df5fe53\" data-id=\"df5fe53\" data-element_type=\"column\" data-e-type=\"column\">\n\t\t\t<div class=\"elementor-widget-wrap elementor-element-populated\">\n\t\t\t\t\t\t<div class=\"elementor-element elementor-element-c8f81c5 elementor-widget elementor-widget-heading\" data-id=\"c8f81c5\" data-element_type=\"widget\" data-e-type=\"widget\" data-widget_type=\"heading.default\">\n\t\t\t\t<div class=\"elementor-widget-container\">\n\t\t\t\t\t<h5 class=\"elementor-heading-title elementor-size-default\">Creemos que las personas son nuestro mayor activo <\/h5>\t\t\t\t<\/div>\n\t\t\t\t<\/div>\n\t\t\t\t<div class=\"elementor-element elementor-element-b9edf55 elementor-widget elementor-widget-heading\" data-id=\"b9edf55\" data-element_type=\"widget\" data-e-type=\"widget\" data-widget_type=\"heading.default\">\n\t\t\t\t<div class=\"elementor-widget-container\">\n\t\t\t\t\t<p class=\"elementor-heading-title elementor-size-default\">05.09.2022 | Philippines<\/p>\t\t\t\t<\/div>\n\t\t\t\t<\/div>\n\t\t\t\t<div class=\"elementor-element elementor-element-e708612 elementor-widget elementor-widget-heading\" data-id=\"e708612\" data-element_type=\"widget\" data-e-type=\"widget\" data-widget_type=\"heading.default\">\n\t\t\t\t<div class=\"elementor-widget-container\">\n\t\t\t\t\t<p class=\"elementor-heading-title elementor-size-default\">VALEO IT Services Inc. es una empresa proveedora de servicios inform\u00e1ticos relativamente nueva en Filipinas. Desde nuestra sede en Luhe-Wildenau, Alemania, VALEO IT Services International GmbH tiene una presencia global y operaciones que abarcan Europa, Am\u00e9rica y la regi\u00f3n de Asia-Pac\u00edfico. Desde nuestros humildes comienzos en 2018, con solo dos empleados, hemos crecido en n\u00famero y estamos formados por diversos equipos como, Service Desk, Multi Customer Operation, Database Admins, Linux Engineers, IT ECAD Engineers, Mobility Team, and Server, Storage and Virtualization Engineers que crean soluciones basadas en tecnolog\u00eda en un entorno multicultural 24\/7, dando soporte tanto a equipos de aplicaciones como de infraestructuras. Los diferentes niveles de soporte que hemos proporcionado tambi\u00e9n est\u00e1n disponibles en diferentes idiomas, ingl\u00e9s, mandar\u00edn, espa\u00f1ol y japon\u00e9s.<br> <br>\n\nAt VALEO IT we believe that people are our greatest asset and we regard employees as jewels in the field. Their skills, knowledge, and expertise are the strength that contributes to the success of our company. It is precisely these skills that are the reasons why we have exceeded our customers\u00b4 expectations and why we have earned their trust and confidence. Aside from work-life balance, employees are also given equal opportunity regardless of race, color, religion, age, citizenship, marital status, sexual orientation, gender identity and regardless of what country or regions they belong to.\n\nHere at VALEO IT Manila we have a relax and homely environment, the casual and not-so-office like vibe fits in very well and makes employees feel at home at work.<\/p>\t\t\t\t<\/div>\n\t\t\t\t<\/div>\n\t\t\t\t\t<\/div>\n\t\t<\/div>\n\t\t\t\t<div class=\"elementor-column elementor-col-25 elementor-top-column elementor-element elementor-element-0be80ea\" data-id=\"0be80ea\" data-element_type=\"column\" data-e-type=\"column\">\n\t\t\t<div class=\"elementor-widget-wrap elementor-element-populated\">\n\t\t\t\t\t\t<div class=\"elementor-element elementor-element-edc4600 elementor-widget elementor-widget-image\" data-id=\"edc4600\" data-element_type=\"widget\" data-e-type=\"widget\" data-widget_type=\"image.default\">\n\t\t\t\t<div class=\"elementor-widget-container\">\n\t\t\t\t\t\t\t\t\t\t\t\t\t\t\t<img fetchpriority=\"high\" decoding=\"async\" width=\"864\" height=\"604\" src=\"https:\/\/staging.valeo-it.com\/wp-content\/uploads\/2023\/09\/VALEO-IT-in-the-Philippines@2x-1.png\" class=\"attachment-full size-full wp-image-13313\" alt=\"\" srcset=\"https:\/\/staging.valeo-it.com\/wp-content\/uploads\/2023\/09\/VALEO-IT-in-the-Philippines@2x-1.png 864w, https:\/\/staging.valeo-it.com\/wp-content\/uploads\/2023\/09\/VALEO-IT-in-the-Philippines@2x-1-300x210.png 300w, https:\/\/staging.valeo-it.com\/wp-content\/uploads\/2023\/09\/VALEO-IT-in-the-Philippines@2x-1-768x537.png 768w, https:\/\/staging.valeo-it.com\/wp-content\/uploads\/2023\/09\/VALEO-IT-in-the-Philippines@2x-1-18x12.png 18w\" sizes=\"(max-width: 864px) 100vw, 864px\" \/>\t\t\t\t\t\t\t\t\t\t\t\t\t\t\t<\/div>\n\t\t\t\t<\/div>\n\t\t\t\t\t<\/div>\n\t\t<\/div>\n\t\t\t\t<div class=\"elementor-column elementor-col-25 elementor-top-column elementor-element elementor-element-b28c3ca\" data-id=\"b28c3ca\" data-element_type=\"column\" data-e-type=\"column\">\n\t\t\t<div class=\"elementor-widget-wrap\">\n\t\t\t\t\t\t\t<\/div>\n\t\t<\/div>\n\t\t\t\t\t<\/div>\n\t\t<\/section>\n\t\t\t\t<section class=\"elementor-section elementor-top-section elementor-element elementor-element-fe1007b elementor-section-full_width elementor-hidden-tablet elementor-hidden-mobile elementor-section-height-default elementor-section-height-default\" data-id=\"fe1007b\" data-element_type=\"section\" data-e-type=\"section\">\n\t\t\t\t\t\t<div class=\"elementor-container elementor-column-gap-default\">\n\t\t\t\t\t<div class=\"elementor-column elementor-col-33 elementor-top-column elementor-element elementor-element-5323bd3\" data-id=\"5323bd3\" data-element_type=\"column\" data-e-type=\"column\">\n\t\t\t<div class=\"elementor-widget-wrap\">\n\t\t\t\t\t\t\t<\/div>\n\t\t<\/div>\n\t\t\t\t<div class=\"elementor-column elementor-col-33 elementor-top-column elementor-element elementor-element-acbc220\" data-id=\"acbc220\" data-element_type=\"column\" data-e-type=\"column\">\n\t\t\t<div class=\"elementor-widget-wrap elementor-element-populated\">\n\t\t\t\t\t\t<div class=\"elementor-element elementor-element-eec31e9 elementor-hidden-tablet elementor-hidden-mobile elementor-widget elementor-widget-button\" data-id=\"eec31e9\" data-element_type=\"widget\" data-e-type=\"widget\" data-widget_type=\"button.default\">\n\t\t\t\t<div class=\"elementor-widget-container\">\n\t\t\t\t\t\t\t\t\t<div class=\"elementor-button-wrapper\">\n\t\t\t\t\t<a class=\"elementor-button elementor-button-link elementor-size-sm\" href=\"https:\/\/staging.valeo-it.com\/es\/updates\/\">\n\t\t\t\t\t\t<span class=\"elementor-button-content-wrapper\">\n\t\t\t\t\t\t\t\t\t<span class=\"elementor-button-text\">Back<\/span>\n\t\t\t\t\t<\/span>\n\t\t\t\t\t<\/a>\n\t\t\t\t<\/div>\n\t\t\t\t\t\t\t\t<\/div>\n\t\t\t\t<\/div>\n\t\t\t\t\t<\/div>\n\t\t<\/div>\n\t\t\t\t<div class=\"elementor-column elementor-col-33 elementor-top-column elementor-element elementor-element-c6b2365\" data-id=\"c6b2365\" data-element_type=\"column\" data-e-type=\"column\">\n\t\t\t<div class=\"elementor-widget-wrap\">\n\t\t\t\t\t\t\t<\/div>\n\t\t<\/div>\n\t\t\t\t\t<\/div>\n\t\t<\/section>\n\t\t\t\t<section class=\"elementor-section elementor-top-section elementor-element elementor-element-6d9f338 elementor-section-full_width elementor-hidden-desktop elementor-section-height-default elementor-section-height-default\" data-id=\"6d9f338\" data-element_type=\"section\" data-e-type=\"section\">\n\t\t\t\t\t\t<div class=\"elementor-container elementor-column-gap-default\">\n\t\t\t\t\t<div class=\"elementor-column elementor-col-33 elementor-top-column elementor-element elementor-element-15c072c\" data-id=\"15c072c\" data-element_type=\"column\" data-e-type=\"column\">\n\t\t\t<div class=\"elementor-widget-wrap\">\n\t\t\t\t\t\t\t<\/div>\n\t\t<\/div>\n\t\t\t\t<div class=\"elementor-column elementor-col-33 elementor-top-column elementor-element elementor-element-911f4bd\" data-id=\"911f4bd\" data-element_type=\"column\" data-e-type=\"column\">\n\t\t\t<div class=\"elementor-widget-wrap elementor-element-populated\">\n\t\t\t\t\t\t<div class=\"elementor-element elementor-element-7c976df elementor-hidden-tablet elementor-hidden-mobile elementor-widget elementor-widget-button\" data-id=\"7c976df\" data-element_type=\"widget\" data-e-type=\"widget\" data-widget_type=\"button.default\">\n\t\t\t\t<div class=\"elementor-widget-container\">\n\t\t\t\t\t\t\t\t\t<div class=\"elementor-button-wrapper\">\n\t\t\t\t\t<a class=\"elementor-button elementor-button-link elementor-size-sm\" href=\"https:\/\/staging.valeo-it.com\/es\/https-valeo-it-com-updates\/\">\n\t\t\t\t\t\t<span class=\"elementor-button-content-wrapper\">\n\t\t\t\t\t\t\t\t\t<span class=\"elementor-button-text\">Back<\/span>\n\t\t\t\t\t<\/span>\n\t\t\t\t\t<\/a>\n\t\t\t\t<\/div>\n\t\t\t\t\t\t\t\t<\/div>\n\t\t\t\t<\/div>\n\t\t\t\t\t<\/div>\n\t\t<\/div>\n\t\t\t\t<div class=\"elementor-column elementor-col-33 elementor-top-column elementor-element elementor-element-615be31\" data-id=\"615be31\" data-element_type=\"column\" data-e-type=\"column\">\n\t\t\t<div class=\"elementor-widget-wrap\">\n\t\t\t\t\t\t\t<\/div>\n\t\t<\/div>\n\t\t\t\t\t<\/div>\n\t\t<\/section>\n\t\t\t\t<section class=\"elementor-section elementor-top-section elementor-element elementor-element-edcaaba elementor-section-full_width elementor-hidden-tablet elementor-hidden-mobile elementor-section-height-default elementor-section-height-default\" data-id=\"edcaaba\" data-element_type=\"section\" data-e-type=\"section\">\n\t\t\t\t\t\t<div class=\"elementor-container elementor-column-gap-default\">\n\t\t\t\t\t<div class=\"elementor-column elementor-col-100 elementor-top-column elementor-element elementor-element-10548eb\" data-id=\"10548eb\" data-element_type=\"column\" data-e-type=\"column\">\n\t\t\t<div class=\"elementor-widget-wrap elementor-element-populated\">\n\t\t\t\t\t\t<div class=\"elementor-element elementor-element-28a217a elementor-widget elementor-widget-html\" data-id=\"28a217a\" data-element_type=\"widget\" data-e-type=\"widget\" data-widget_type=\"html.default\">\n\t\t\t\t<div class=\"elementor-widget-container\">\n\t\t\t\t\t<style>\n    body {\n        overflow: visible;\n    }\n<\/style>\t\t\t\t<\/div>\n\t\t\t\t<\/div>\n\t\t\t\t\t<\/div>\n\t\t<\/div>\n\t\t\t\t\t<\/div>\n\t\t<\/section>\n\t\t\t\t<section class=\"elementor-section elementor-top-section elementor-element elementor-element-475385f elementor-section-full_width elementor-hidden-tablet elementor-hidden-mobile elementor-section-height-default elementor-section-height-default\" data-id=\"475385f\" data-element_type=\"section\" data-e-type=\"section\">\n\t\t\t\t\t\t<div class=\"elementor-container elementor-column-gap-default\">\n\t\t\t\t\t<div class=\"elementor-column elementor-col-100 elementor-top-column elementor-element elementor-element-7de3580\" data-id=\"7de3580\" data-element_type=\"column\" data-e-type=\"column\">\n\t\t\t<div class=\"elementor-widget-wrap\">\n\t\t\t\t\t\t\t<\/div>\n\t\t<\/div>\n\t\t\t\t\t<\/div>\n\t\t<\/section>\n\t\t\t\t<\/div>","protected":false},"excerpt":{"rendered":"<p>VALEO IT in the Philippines VALEO IT in the Philippines We believe that people are our greatest asset 05.09.2022 | Philippines VALEO IT Services Inc. is a relatively new IT service provider company in the Philippines. Emerging from our headquarters in Luhe-Wildenau Germany, VALEO IT Services International GmbH has a global presence and operations that [&hellip;]<\/p>\n","protected":false},"author":1,"featured_media":0,"parent":0,"menu_order":0,"comment_status":"closed","ping_status":"closed","template":"","meta":{"footnotes":""},"class_list":["post-13308","page","type-page","status-publish","hentry"],"_links":{"self":[{"href":"https:\/\/staging.valeo-it.com\/es\/wp-json\/wp\/v2\/pages\/13308","targetHints":{"allow":["GET"]}}],"collection":[{"href":"https:\/\/staging.valeo-it.com\/es\/wp-json\/wp\/v2\/pages"}],"about":[{"href":"https:\/\/staging.valeo-it.com\/es\/wp-json\/wp\/v2\/types\/page"}],"author":[{"embeddable":true,"href":"https:\/\/staging.valeo-it.com\/es\/wp-json\/wp\/v2\/users\/1"}],"replies":[{"embeddable":true,"href":"https:\/\/staging.valeo-it.com\/es\/wp-json\/wp\/v2\/comments?post=13308"}],"version-history":[{"count":17,"href":"https:\/\/staging.valeo-it.com\/es\/wp-json\/wp\/v2\/pages\/13308\/revisions"}],"predecessor-version":[{"id":14079,"href":"https:\/\/staging.valeo-it.com\/es\/wp-json\/wp\/v2\/pages\/13308\/revisions\/14079"}],"wp:attachment":[{"href":"https:\/\/staging.valeo-it.com\/es\/wp-json\/wp\/v2\/media?parent=13308"}],"curies":[{"name":"wp","href":"https:\/\/api.w.org\/{rel}","templated":true}]}}