{"id":13345,"date":"2023-09-05T16:26:39","date_gmt":"2023-09-05T14:26:39","guid":{"rendered":"https:\/\/valeo-it.com\/?page_id=13345"},"modified":"2023-11-14T12:37:14","modified_gmt":"2023-11-14T10:37:14","slug":"bavarias-best-50-award","status":"publish","type":"page","link":"https:\/\/staging.valeo-it.com\/es\/bavarias-best-50-award\/","title":{"rendered":"Bavaria&#8217;s Best 50 award"},"content":{"rendered":"<div data-elementor-type=\"wp-page\" data-elementor-id=\"13345\" class=\"elementor elementor-13345\" data-elementor-post-type=\"page\">\n\t\t\t\t\t\t<section class=\"elementor-section elementor-top-section elementor-element elementor-element-d25b795 elementor-section-full_width elementor-hidden-tablet elementor-hidden-mobile elementor-section-height-default elementor-section-height-default\" data-id=\"d25b795\" data-element_type=\"section\" data-e-type=\"section\">\n\t\t\t\t\t\t<div class=\"elementor-container elementor-column-gap-default\">\n\t\t\t\t\t<div class=\"elementor-column elementor-col-33 elementor-top-column elementor-element elementor-element-a3b0c10\" data-id=\"a3b0c10\" data-element_type=\"column\" data-e-type=\"column\">\n\t\t\t<div class=\"elementor-widget-wrap\">\n\t\t\t\t\t\t\t<\/div>\n\t\t<\/div>\n\t\t\t\t<div class=\"elementor-column elementor-col-33 elementor-top-column elementor-element elementor-element-ca2819d\" data-id=\"ca2819d\" data-element_type=\"column\" data-e-type=\"column\">\n\t\t\t<div class=\"elementor-widget-wrap elementor-element-populated\">\n\t\t\t\t\t\t<div class=\"elementor-element elementor-element-d35df9b elementor-widget elementor-widget-text-editor\" data-id=\"d35df9b\" data-element_type=\"widget\" data-e-type=\"widget\" data-widget_type=\"text-editor.default\">\n\t\t\t\t<div class=\"elementor-widget-container\">\n\t\t\t\t\t\t\t\t\t<p>Bavaria&#8217;s Best 50 award<\/p>\t\t\t\t\t\t\t\t<\/div>\n\t\t\t\t<\/div>\n\t\t\t\t\t<\/div>\n\t\t<\/div>\n\t\t\t\t<div class=\"elementor-column elementor-col-33 elementor-top-column elementor-element elementor-element-1bdfdee\" data-id=\"1bdfdee\" data-element_type=\"column\" data-e-type=\"column\">\n\t\t\t<div class=\"elementor-widget-wrap\">\n\t\t\t\t\t\t\t<\/div>\n\t\t<\/div>\n\t\t\t\t\t<\/div>\n\t\t<\/section>\n\t\t\t\t<section class=\"elementor-section elementor-top-section elementor-element elementor-element-845f979 elementor-section-full_width elementor-hidden-desktop elementor-section-height-default elementor-section-height-default\" data-id=\"845f979\" data-element_type=\"section\" data-e-type=\"section\">\n\t\t\t\t\t\t<div class=\"elementor-container elementor-column-gap-default\">\n\t\t\t\t\t<div class=\"elementor-column elementor-col-33 elementor-top-column elementor-element elementor-element-df28e96\" data-id=\"df28e96\" data-element_type=\"column\" data-e-type=\"column\">\n\t\t\t<div class=\"elementor-widget-wrap\">\n\t\t\t\t\t\t\t<\/div>\n\t\t<\/div>\n\t\t\t\t<div class=\"elementor-column elementor-col-33 elementor-top-column elementor-element elementor-element-10c9f89\" data-id=\"10c9f89\" data-element_type=\"column\" data-e-type=\"column\">\n\t\t\t<div class=\"elementor-widget-wrap elementor-element-populated\">\n\t\t\t\t\t\t<div class=\"elementor-element elementor-element-4ab0410 elementor-widget elementor-widget-text-editor\" data-id=\"4ab0410\" data-element_type=\"widget\" data-e-type=\"widget\" data-widget_type=\"text-editor.default\">\n\t\t\t\t<div class=\"elementor-widget-container\">\n\t\t\t\t\t\t\t\t\t<p>Bavaria&#8217;s Best 50 award<\/p>\t\t\t\t\t\t\t\t<\/div>\n\t\t\t\t<\/div>\n\t\t\t\t\t<\/div>\n\t\t<\/div>\n\t\t\t\t<div class=\"elementor-column elementor-col-33 elementor-top-column elementor-element elementor-element-11f4ac9\" data-id=\"11f4ac9\" data-element_type=\"column\" data-e-type=\"column\">\n\t\t\t<div class=\"elementor-widget-wrap\">\n\t\t\t\t\t\t\t<\/div>\n\t\t<\/div>\n\t\t\t\t\t<\/div>\n\t\t<\/section>\n\t\t\t\t<section class=\"elementor-section elementor-top-section elementor-element elementor-element-f3c89f4 elementor-section-full_width elementor-hidden-tablet elementor-hidden-mobile elementor-section-height-default elementor-section-height-default\" data-id=\"f3c89f4\" data-element_type=\"section\" data-e-type=\"section\">\n\t\t\t\t\t\t<div class=\"elementor-container elementor-column-gap-default\">\n\t\t\t\t\t<div class=\"elementor-column elementor-col-25 elementor-top-column elementor-element elementor-element-8e798d4\" data-id=\"8e798d4\" data-element_type=\"column\" data-e-type=\"column\">\n\t\t\t<div class=\"elementor-widget-wrap\">\n\t\t\t\t\t\t\t<\/div>\n\t\t<\/div>\n\t\t\t\t<div class=\"elementor-column elementor-col-25 elementor-top-column elementor-element elementor-element-e6c6333\" data-id=\"e6c6333\" data-element_type=\"column\" data-e-type=\"column\">\n\t\t\t<div class=\"elementor-widget-wrap elementor-element-populated\">\n\t\t\t\t\t\t<div class=\"elementor-element elementor-element-edb4550 elementor-widget elementor-widget-heading\" data-id=\"edb4550\" data-element_type=\"widget\" data-e-type=\"widget\" data-widget_type=\"heading.default\">\n\t\t\t\t<div class=\"elementor-widget-container\">\n\t\t\t\t\t<h5 class=\"elementor-heading-title elementor-size-default\">50 fastest-growing medium-sized companies in Bavaria<\/h5>\t\t\t\t<\/div>\n\t\t\t\t<\/div>\n\t\t\t\t<div class=\"elementor-element elementor-element-3be8866 elementor-widget elementor-widget-heading\" data-id=\"3be8866\" data-element_type=\"widget\" data-e-type=\"widget\" data-widget_type=\"heading.default\">\n\t\t\t\t<div class=\"elementor-widget-container\">\n\t\t\t\t\t<p class=\"elementor-heading-title elementor-size-default\">06.10.2021 | Germany<\/p>\t\t\t\t<\/div>\n\t\t\t\t<\/div>\n\t\t\t\t<div class=\"elementor-element elementor-element-870e40a elementor-widget elementor-widget-heading\" data-id=\"870e40a\" data-element_type=\"widget\" data-e-type=\"widget\" data-widget_type=\"heading.default\">\n\t\t\t\t<div class=\"elementor-widget-container\">\n\t\t\t\t\t<p class=\"elementor-heading-title elementor-size-default\">Once again this year, 50 medium-sized companies from all over Bavaria were honored in the BAYERNS BEST 50 competition. This honor is awarded independently and according to objective criteria by the Bavarian State Ministry to the 50 fastest-growing medium-sized companies in Bavaria. Future viability and economic stability were important selection criteria. The award is given to companies that have been able to increase their number of employees as well as their sales and earnings at an above-average rate over the last five years. As one of the award winners, VALEO IT Personalservice GmbH fulfills the required criteria without exception. <br> <br>\n\nLos ganadores fueron homenajeados por el Ministerio de Econom\u00eda y Medios de Comunicaci\u00f3n, Energ\u00eda y Tecnolog\u00eda del Estado de Baviera el 4 de octubre de 2021 en una festiva ceremonia de entrega de premios en la Kaisersaal de la Residencia de M\u00fanich. El codiciado premio en forma de le\u00f3n de porcelana b\u00e1vara y el certificado del premio fueron recogidos por el Director General Bastian Braun de manos del Secretario de Estado b\u00e1varo Roland Weigert. <br> <br>\n\nBastian Braun, Director General de VALEO IT Personalserivce GmbH, explic\u00f3 tras la ceremonia de entrega: <br> <br>\n\n\"Through our constant investment in our employees, innovative services and the establishment of a global structure, as well as practiced entrepreneurship, our company makes its contribution to the high standard in Bavaria and far beyond.\u00a0The fact that this was possible is thanks to our dedicated employees and loyal customers. The BAYERN BEST 50 award shows how important it is to stick to one\u00b4s goals and to continue to pay close attention to the \"Employee First\" strategy. We are proud of 20 years of successful projects and the associated continuous growth.<\/p>\t\t\t\t<\/div>\n\t\t\t\t<\/div>\n\t\t\t\t\t<\/div>\n\t\t<\/div>\n\t\t\t\t<div class=\"elementor-column elementor-col-25 elementor-top-column elementor-element elementor-element-46e7e9f\" data-id=\"46e7e9f\" data-element_type=\"column\" data-e-type=\"column\">\n\t\t\t<div class=\"elementor-widget-wrap elementor-element-populated\">\n\t\t\t\t\t\t<div class=\"elementor-element elementor-element-980d912 elementor-widget elementor-widget-image\" data-id=\"980d912\" data-element_type=\"widget\" data-e-type=\"widget\" data-widget_type=\"image.default\">\n\t\t\t\t<div class=\"elementor-widget-container\">\n\t\t\t\t\t\t\t\t\t\t\t\t\t\t\t<img fetchpriority=\"high\" decoding=\"async\" width=\"864\" height=\"604\" src=\"https:\/\/staging.valeo-it.com\/wp-content\/uploads\/2023\/09\/Bayerns-Best-50-Award-2021@2x-1-1.png\" class=\"attachment-full size-full wp-image-13347\" alt=\"\" srcset=\"https:\/\/staging.valeo-it.com\/wp-content\/uploads\/2023\/09\/Bayerns-Best-50-Award-2021@2x-1-1.png 864w, https:\/\/staging.valeo-it.com\/wp-content\/uploads\/2023\/09\/Bayerns-Best-50-Award-2021@2x-1-1-300x210.png 300w, https:\/\/staging.valeo-it.com\/wp-content\/uploads\/2023\/09\/Bayerns-Best-50-Award-2021@2x-1-1-768x537.png 768w, https:\/\/staging.valeo-it.com\/wp-content\/uploads\/2023\/09\/Bayerns-Best-50-Award-2021@2x-1-1-18x12.png 18w\" sizes=\"(max-width: 864px) 100vw, 864px\" \/>\t\t\t\t\t\t\t\t\t\t\t\t\t\t\t<\/div>\n\t\t\t\t<\/div>\n\t\t\t\t\t<\/div>\n\t\t<\/div>\n\t\t\t\t<div class=\"elementor-column elementor-col-25 elementor-top-column elementor-element elementor-element-fd72586\" data-id=\"fd72586\" data-element_type=\"column\" data-e-type=\"column\">\n\t\t\t<div class=\"elementor-widget-wrap\">\n\t\t\t\t\t\t\t<\/div>\n\t\t<\/div>\n\t\t\t\t\t<\/div>\n\t\t<\/section>\n\t\t\t\t<section class=\"elementor-section elementor-top-section elementor-element elementor-element-d37ef8c elementor-section-full_width elementor-hidden-desktop elementor-section-height-default elementor-section-height-default\" data-id=\"d37ef8c\" data-element_type=\"section\" data-e-type=\"section\">\n\t\t\t\t\t\t<div class=\"elementor-container elementor-column-gap-default\">\n\t\t\t\t\t<div class=\"elementor-column elementor-col-25 elementor-top-column elementor-element elementor-element-6be74e7\" data-id=\"6be74e7\" data-element_type=\"column\" data-e-type=\"column\">\n\t\t\t<div class=\"elementor-widget-wrap\">\n\t\t\t\t\t\t\t<\/div>\n\t\t<\/div>\n\t\t\t\t<div class=\"elementor-column elementor-col-25 elementor-top-column elementor-element elementor-element-b7809c1\" data-id=\"b7809c1\" data-element_type=\"column\" data-e-type=\"column\">\n\t\t\t<div class=\"elementor-widget-wrap elementor-element-populated\">\n\t\t\t\t\t\t<div class=\"elementor-element elementor-element-3b1259c elementor-widget elementor-widget-heading\" data-id=\"3b1259c\" data-element_type=\"widget\" data-e-type=\"widget\" data-widget_type=\"heading.default\">\n\t\t\t\t<div class=\"elementor-widget-container\">\n\t\t\t\t\t<h5 class=\"elementor-heading-title elementor-size-default\">50 fastest-growing medium-sized companies in Bavaria<\/h5>\t\t\t\t<\/div>\n\t\t\t\t<\/div>\n\t\t\t\t<div class=\"elementor-element elementor-element-946bfe3 elementor-widget elementor-widget-heading\" data-id=\"946bfe3\" data-element_type=\"widget\" data-e-type=\"widget\" data-widget_type=\"heading.default\">\n\t\t\t\t<div class=\"elementor-widget-container\">\n\t\t\t\t\t<p class=\"elementor-heading-title elementor-size-default\">06.10.2021 | Germany<\/p>\t\t\t\t<\/div>\n\t\t\t\t<\/div>\n\t\t\t\t<div class=\"elementor-element elementor-element-adfbce0 elementor-widget elementor-widget-heading\" data-id=\"adfbce0\" data-element_type=\"widget\" data-e-type=\"widget\" data-widget_type=\"heading.default\">\n\t\t\t\t<div class=\"elementor-widget-container\">\n\t\t\t\t\t<p class=\"elementor-heading-title elementor-size-default\">Once again this year, 50 medium-sized companies from all over Bavaria were honored in the BAYERNS BEST 50 competition. This honor is awarded independently and according to objective criteria by the Bavarian State Ministry to the 50 fastest-growing medium-sized companies in Bavaria. Future viability and economic stability were important selection criteria. The award is given to companies that have been able to increase their number of employees as well as their sales and earnings at an above-average rate over the last five years. As one of the award winners, VALEO IT Personalservice GmbH fulfills the required criteria without exception. <br> <br>\n\nLos ganadores fueron homenajeados por el Ministerio de Econom\u00eda y Medios de Comunicaci\u00f3n, Energ\u00eda y Tecnolog\u00eda del Estado de Baviera el 4 de octubre de 2021 en una festiva ceremonia de entrega de premios en la Kaisersaal de la Residencia de M\u00fanich. El codiciado premio en forma de le\u00f3n de porcelana b\u00e1vara y el certificado del premio fueron recogidos por el Director General Bastian Braun de manos del Secretario de Estado b\u00e1varo Roland Weigert. <br> <br>\n\nBastian Braun, Director General de VALEO IT Personalserivce GmbH, explic\u00f3 tras la ceremonia de entrega: <br> <br>\n\n\"Through our constant investment in our employees, innovative services and the establishment of a global structure, as well as practiced entrepreneurship, our company makes its contribution to the high standard in Bavaria and far beyond.\u00a0The fact that this was possible is thanks to our dedicated employees and loyal customers. The BAYERN BEST 50 award shows how important it is to stick to one\u00b4s goals and to continue to pay close attention to the \"Employee First\" strategy. We are proud of 20 years of successful projects and the associated continuous growth.<\/p>\t\t\t\t<\/div>\n\t\t\t\t<\/div>\n\t\t\t\t\t<\/div>\n\t\t<\/div>\n\t\t\t\t<div class=\"elementor-column elementor-col-25 elementor-top-column elementor-element elementor-element-a364233\" data-id=\"a364233\" data-element_type=\"column\" data-e-type=\"column\">\n\t\t\t<div class=\"elementor-widget-wrap elementor-element-populated\">\n\t\t\t\t\t\t<div class=\"elementor-element elementor-element-2eed8a4 elementor-widget elementor-widget-image\" data-id=\"2eed8a4\" data-element_type=\"widget\" data-e-type=\"widget\" data-widget_type=\"image.default\">\n\t\t\t\t<div class=\"elementor-widget-container\">\n\t\t\t\t\t\t\t\t\t\t\t\t\t\t\t<img fetchpriority=\"high\" decoding=\"async\" width=\"864\" height=\"604\" src=\"https:\/\/staging.valeo-it.com\/wp-content\/uploads\/2023\/09\/Bayerns-Best-50-Award-2021@2x-1-1.png\" class=\"attachment-full size-full wp-image-13347\" alt=\"\" srcset=\"https:\/\/staging.valeo-it.com\/wp-content\/uploads\/2023\/09\/Bayerns-Best-50-Award-2021@2x-1-1.png 864w, https:\/\/staging.valeo-it.com\/wp-content\/uploads\/2023\/09\/Bayerns-Best-50-Award-2021@2x-1-1-300x210.png 300w, https:\/\/staging.valeo-it.com\/wp-content\/uploads\/2023\/09\/Bayerns-Best-50-Award-2021@2x-1-1-768x537.png 768w, https:\/\/staging.valeo-it.com\/wp-content\/uploads\/2023\/09\/Bayerns-Best-50-Award-2021@2x-1-1-18x12.png 18w\" sizes=\"(max-width: 864px) 100vw, 864px\" \/>\t\t\t\t\t\t\t\t\t\t\t\t\t\t\t<\/div>\n\t\t\t\t<\/div>\n\t\t\t\t\t<\/div>\n\t\t<\/div>\n\t\t\t\t<div class=\"elementor-column elementor-col-25 elementor-top-column elementor-element elementor-element-4602df9\" data-id=\"4602df9\" data-element_type=\"column\" data-e-type=\"column\">\n\t\t\t<div class=\"elementor-widget-wrap\">\n\t\t\t\t\t\t\t<\/div>\n\t\t<\/div>\n\t\t\t\t\t<\/div>\n\t\t<\/section>\n\t\t\t\t<section class=\"elementor-section elementor-top-section elementor-element elementor-element-fe1007b elementor-section-full_width elementor-hidden-tablet elementor-hidden-mobile elementor-section-height-default elementor-section-height-default\" data-id=\"fe1007b\" data-element_type=\"section\" data-e-type=\"section\">\n\t\t\t\t\t\t<div class=\"elementor-container elementor-column-gap-default\">\n\t\t\t\t\t<div class=\"elementor-column elementor-col-33 elementor-top-column elementor-element elementor-element-5323bd3\" data-id=\"5323bd3\" data-element_type=\"column\" data-e-type=\"column\">\n\t\t\t<div class=\"elementor-widget-wrap\">\n\t\t\t\t\t\t\t<\/div>\n\t\t<\/div>\n\t\t\t\t<div class=\"elementor-column elementor-col-33 elementor-top-column elementor-element elementor-element-acbc220\" data-id=\"acbc220\" data-element_type=\"column\" data-e-type=\"column\">\n\t\t\t<div class=\"elementor-widget-wrap elementor-element-populated\">\n\t\t\t\t\t\t<div class=\"elementor-element elementor-element-eec31e9 elementor-hidden-tablet elementor-hidden-mobile elementor-widget elementor-widget-button\" data-id=\"eec31e9\" data-element_type=\"widget\" data-e-type=\"widget\" data-widget_type=\"button.default\">\n\t\t\t\t<div class=\"elementor-widget-container\">\n\t\t\t\t\t\t\t\t\t<div class=\"elementor-button-wrapper\">\n\t\t\t\t\t<a class=\"elementor-button elementor-button-link elementor-size-sm\" href=\"https:\/\/staging.valeo-it.com\/es\/updates\/\">\n\t\t\t\t\t\t<span class=\"elementor-button-content-wrapper\">\n\t\t\t\t\t\t\t\t\t<span class=\"elementor-button-text\">Back<\/span>\n\t\t\t\t\t<\/span>\n\t\t\t\t\t<\/a>\n\t\t\t\t<\/div>\n\t\t\t\t\t\t\t\t<\/div>\n\t\t\t\t<\/div>\n\t\t\t\t\t<\/div>\n\t\t<\/div>\n\t\t\t\t<div class=\"elementor-column elementor-col-33 elementor-top-column elementor-element elementor-element-c6b2365\" data-id=\"c6b2365\" data-element_type=\"column\" data-e-type=\"column\">\n\t\t\t<div class=\"elementor-widget-wrap\">\n\t\t\t\t\t\t\t<\/div>\n\t\t<\/div>\n\t\t\t\t\t<\/div>\n\t\t<\/section>\n\t\t\t\t<section class=\"elementor-section elementor-top-section elementor-element elementor-element-ab51c10 elementor-section-full_width elementor-hidden-desktop elementor-section-height-default elementor-section-height-default\" data-id=\"ab51c10\" data-element_type=\"section\" data-e-type=\"section\">\n\t\t\t\t\t\t<div class=\"elementor-container elementor-column-gap-default\">\n\t\t\t\t\t<div class=\"elementor-column elementor-col-33 elementor-top-column elementor-element elementor-element-5f12173\" data-id=\"5f12173\" data-element_type=\"column\" data-e-type=\"column\">\n\t\t\t<div class=\"elementor-widget-wrap\">\n\t\t\t\t\t\t\t<\/div>\n\t\t<\/div>\n\t\t\t\t<div class=\"elementor-column elementor-col-33 elementor-top-column elementor-element elementor-element-1cca11d\" data-id=\"1cca11d\" data-element_type=\"column\" data-e-type=\"column\">\n\t\t\t<div class=\"elementor-widget-wrap elementor-element-populated\">\n\t\t\t\t\t\t<div class=\"elementor-element elementor-element-bb5ca9f elementor-hidden-desktop elementor-widget elementor-widget-button\" data-id=\"bb5ca9f\" data-element_type=\"widget\" data-e-type=\"widget\" data-widget_type=\"button.default\">\n\t\t\t\t<div class=\"elementor-widget-container\">\n\t\t\t\t\t\t\t\t\t<div class=\"elementor-button-wrapper\">\n\t\t\t\t\t<a class=\"elementor-button elementor-button-link elementor-size-sm\" href=\"https:\/\/staging.valeo-it.com\/es\/updates\/\">\n\t\t\t\t\t\t<span class=\"elementor-button-content-wrapper\">\n\t\t\t\t\t\t\t\t\t<span class=\"elementor-button-text\">Back<\/span>\n\t\t\t\t\t<\/span>\n\t\t\t\t\t<\/a>\n\t\t\t\t<\/div>\n\t\t\t\t\t\t\t\t<\/div>\n\t\t\t\t<\/div>\n\t\t\t\t\t<\/div>\n\t\t<\/div>\n\t\t\t\t<div class=\"elementor-column elementor-col-33 elementor-top-column elementor-element elementor-element-fa1e7cb\" data-id=\"fa1e7cb\" data-element_type=\"column\" data-e-type=\"column\">\n\t\t\t<div class=\"elementor-widget-wrap\">\n\t\t\t\t\t\t\t<\/div>\n\t\t<\/div>\n\t\t\t\t\t<\/div>\n\t\t<\/section>\n\t\t\t\t<section class=\"elementor-section elementor-top-section elementor-element elementor-element-edcaaba elementor-section-full_width elementor-hidden-tablet elementor-hidden-mobile elementor-section-height-default elementor-section-height-default\" data-id=\"edcaaba\" data-element_type=\"section\" data-e-type=\"section\">\n\t\t\t\t\t\t<div class=\"elementor-container elementor-column-gap-default\">\n\t\t\t\t\t<div class=\"elementor-column elementor-col-100 elementor-top-column elementor-element elementor-element-10548eb\" data-id=\"10548eb\" data-element_type=\"column\" data-e-type=\"column\">\n\t\t\t<div class=\"elementor-widget-wrap elementor-element-populated\">\n\t\t\t\t\t\t<div class=\"elementor-element elementor-element-28a217a elementor-widget elementor-widget-html\" data-id=\"28a217a\" data-element_type=\"widget\" data-e-type=\"widget\" data-widget_type=\"html.default\">\n\t\t\t\t<div class=\"elementor-widget-container\">\n\t\t\t\t\t<style>\n    body {\n        overflow: visible;\n    }\n<\/style>\t\t\t\t<\/div>\n\t\t\t\t<\/div>\n\t\t\t\t\t<\/div>\n\t\t<\/div>\n\t\t\t\t\t<\/div>\n\t\t<\/section>\n\t\t\t\t<section class=\"elementor-section elementor-top-section elementor-element elementor-element-475385f elementor-section-full_width elementor-hidden-tablet elementor-hidden-mobile elementor-section-height-default elementor-section-height-default\" data-id=\"475385f\" data-element_type=\"section\" data-e-type=\"section\">\n\t\t\t\t\t\t<div class=\"elementor-container elementor-column-gap-default\">\n\t\t\t\t\t<div class=\"elementor-column elementor-col-100 elementor-top-column elementor-element elementor-element-7de3580\" data-id=\"7de3580\" data-element_type=\"column\" data-e-type=\"column\">\n\t\t\t<div class=\"elementor-widget-wrap\">\n\t\t\t\t\t\t\t<\/div>\n\t\t<\/div>\n\t\t\t\t\t<\/div>\n\t\t<\/section>\n\t\t\t\t<\/div>","protected":false},"excerpt":{"rendered":"<p>Bavaria&#8217;s Best 50 award Bavaria&#8217;s Best 50 award 50 fastest-growing medium-sized companies in Bavaria 06.10.2021 | Germany Once again this year, 50 medium-sized companies from all over Bavaria were honored in the BAYERNS BEST 50 competition. This honor is awarded independently and according to objective criteria by the Bavarian State Ministry to the 50 fastest-growing [&hellip;]<\/p>\n","protected":false},"author":1,"featured_media":0,"parent":0,"menu_order":0,"comment_status":"closed","ping_status":"closed","template":"","meta":{"footnotes":""},"class_list":["post-13345","page","type-page","status-publish","hentry"],"_links":{"self":[{"href":"https:\/\/staging.valeo-it.com\/es\/wp-json\/wp\/v2\/pages\/13345","targetHints":{"allow":["GET"]}}],"collection":[{"href":"https:\/\/staging.valeo-it.com\/es\/wp-json\/wp\/v2\/pages"}],"about":[{"href":"https:\/\/staging.valeo-it.com\/es\/wp-json\/wp\/v2\/types\/page"}],"author":[{"embeddable":true,"href":"https:\/\/staging.valeo-it.com\/es\/wp-json\/wp\/v2\/users\/1"}],"replies":[{"embeddable":true,"href":"https:\/\/staging.valeo-it.com\/es\/wp-json\/wp\/v2\/comments?post=13345"}],"version-history":[{"count":27,"href":"https:\/\/staging.valeo-it.com\/es\/wp-json\/wp\/v2\/pages\/13345\/revisions"}],"predecessor-version":[{"id":16100,"href":"https:\/\/staging.valeo-it.com\/es\/wp-json\/wp\/v2\/pages\/13345\/revisions\/16100"}],"wp:attachment":[{"href":"https:\/\/staging.valeo-it.com\/es\/wp-json\/wp\/v2\/media?parent=13345"}],"curies":[{"name":"wp","href":"https:\/\/api.w.org\/{rel}","templated":true}]}}