{"id":13351,"date":"2023-09-05T16:28:31","date_gmt":"2023-09-05T14:28:31","guid":{"rendered":"https:\/\/valeo-it.com\/?page_id=13351"},"modified":"2023-10-23T17:13:37","modified_gmt":"2023-10-23T15:13:37","slug":"din-iso-90012015","status":"publish","type":"page","link":"https:\/\/staging.valeo-it.com\/es\/din-iso-90012015\/","title":{"rendered":"Certificado seg\u00fan DIN ISO 9001:2015"},"content":{"rendered":"<div data-elementor-type=\"wp-page\" data-elementor-id=\"13351\" class=\"elementor elementor-13351\" data-elementor-post-type=\"page\">\n\t\t\t\t\t\t<section class=\"elementor-section elementor-top-section elementor-element elementor-element-d25b795 elementor-section-full_width elementor-hidden-tablet elementor-hidden-mobile elementor-section-height-default elementor-section-height-default\" data-id=\"d25b795\" data-element_type=\"section\" data-e-type=\"section\">\n\t\t\t\t\t\t<div class=\"elementor-container elementor-column-gap-default\">\n\t\t\t\t\t<div class=\"elementor-column elementor-col-33 elementor-top-column elementor-element elementor-element-a3b0c10\" data-id=\"a3b0c10\" data-element_type=\"column\" data-e-type=\"column\">\n\t\t\t<div class=\"elementor-widget-wrap\">\n\t\t\t\t\t\t\t<\/div>\n\t\t<\/div>\n\t\t\t\t<div class=\"elementor-column elementor-col-33 elementor-top-column elementor-element elementor-element-ca2819d\" data-id=\"ca2819d\" data-element_type=\"column\" data-e-type=\"column\">\n\t\t\t<div class=\"elementor-widget-wrap elementor-element-populated\">\n\t\t\t\t\t\t<div class=\"elementor-element elementor-element-d35df9b elementor-widget elementor-widget-text-editor\" data-id=\"d35df9b\" data-element_type=\"widget\" data-e-type=\"widget\" data-widget_type=\"text-editor.default\">\n\t\t\t\t<div class=\"elementor-widget-container\">\n\t\t\t\t\t\t\t\t\t<p>Certificado seg\u00fan DIN ISO 9001:2015<\/p>\t\t\t\t\t\t\t\t<\/div>\n\t\t\t\t<\/div>\n\t\t\t\t\t<\/div>\n\t\t<\/div>\n\t\t\t\t<div class=\"elementor-column elementor-col-33 elementor-top-column elementor-element elementor-element-1bdfdee\" data-id=\"1bdfdee\" data-element_type=\"column\" data-e-type=\"column\">\n\t\t\t<div class=\"elementor-widget-wrap\">\n\t\t\t\t\t\t\t<\/div>\n\t\t<\/div>\n\t\t\t\t\t<\/div>\n\t\t<\/section>\n\t\t\t\t<section class=\"elementor-section elementor-top-section elementor-element elementor-element-05101a0 elementor-section-full_width elementor-hidden-desktop elementor-section-height-default elementor-section-height-default\" data-id=\"05101a0\" data-element_type=\"section\" data-e-type=\"section\">\n\t\t\t\t\t\t<div class=\"elementor-container elementor-column-gap-default\">\n\t\t\t\t\t<div class=\"elementor-column elementor-col-33 elementor-top-column elementor-element elementor-element-603b026\" data-id=\"603b026\" data-element_type=\"column\" data-e-type=\"column\">\n\t\t\t<div class=\"elementor-widget-wrap\">\n\t\t\t\t\t\t\t<\/div>\n\t\t<\/div>\n\t\t\t\t<div class=\"elementor-column elementor-col-33 elementor-top-column elementor-element elementor-element-051596c\" data-id=\"051596c\" data-element_type=\"column\" data-e-type=\"column\">\n\t\t\t<div class=\"elementor-widget-wrap elementor-element-populated\">\n\t\t\t\t\t\t<div class=\"elementor-element elementor-element-f6d06b2 elementor-widget elementor-widget-text-editor\" data-id=\"f6d06b2\" data-element_type=\"widget\" data-e-type=\"widget\" data-widget_type=\"text-editor.default\">\n\t\t\t\t<div class=\"elementor-widget-container\">\n\t\t\t\t\t\t\t\t\t<p>Certificado seg\u00fan DIN ISO 9001:2015<\/p>\t\t\t\t\t\t\t\t<\/div>\n\t\t\t\t<\/div>\n\t\t\t\t\t<\/div>\n\t\t<\/div>\n\t\t\t\t<div class=\"elementor-column elementor-col-33 elementor-top-column elementor-element elementor-element-da92765\" data-id=\"da92765\" data-element_type=\"column\" data-e-type=\"column\">\n\t\t\t<div class=\"elementor-widget-wrap\">\n\t\t\t\t\t\t\t<\/div>\n\t\t<\/div>\n\t\t\t\t\t<\/div>\n\t\t<\/section>\n\t\t\t\t<section class=\"elementor-section elementor-top-section elementor-element elementor-element-f3c89f4 elementor-section-full_width elementor-hidden-tablet elementor-hidden-mobile elementor-section-height-default elementor-section-height-default\" data-id=\"f3c89f4\" data-element_type=\"section\" data-e-type=\"section\">\n\t\t\t\t\t\t<div class=\"elementor-container elementor-column-gap-default\">\n\t\t\t\t\t<div class=\"elementor-column elementor-col-25 elementor-top-column elementor-element elementor-element-8e798d4\" data-id=\"8e798d4\" data-element_type=\"column\" data-e-type=\"column\">\n\t\t\t<div class=\"elementor-widget-wrap\">\n\t\t\t\t\t\t\t<\/div>\n\t\t<\/div>\n\t\t\t\t<div class=\"elementor-column elementor-col-25 elementor-top-column elementor-element elementor-element-e6c6333\" data-id=\"e6c6333\" data-element_type=\"column\" data-e-type=\"column\">\n\t\t\t<div class=\"elementor-widget-wrap elementor-element-populated\">\n\t\t\t\t\t\t<div class=\"elementor-element elementor-element-edb4550 elementor-widget elementor-widget-heading\" data-id=\"edb4550\" data-element_type=\"widget\" data-e-type=\"widget\" data-widget_type=\"heading.default\">\n\t\t\t\t<div class=\"elementor-widget-container\">\n\t\t\t\t\t<h5 class=\"elementor-heading-title elementor-size-default\">VALEO IT Services International GmbH ya est\u00e1 certificada<\/h5>\t\t\t\t<\/div>\n\t\t\t\t<\/div>\n\t\t\t\t<div class=\"elementor-element elementor-element-3be8866 elementor-widget elementor-widget-heading\" data-id=\"3be8866\" data-element_type=\"widget\" data-e-type=\"widget\" data-widget_type=\"heading.default\">\n\t\t\t\t<div class=\"elementor-widget-container\">\n\t\t\t\t\t<p class=\"elementor-heading-title elementor-size-default\">07.09.2021 | Germany<\/p>\t\t\t\t<\/div>\n\t\t\t\t<\/div>\n\t\t\t\t<div class=\"elementor-element elementor-element-870e40a elementor-widget elementor-widget-heading\" data-id=\"870e40a\" data-element_type=\"widget\" data-e-type=\"widget\" data-widget_type=\"heading.default\">\n\t\t\t\t<div class=\"elementor-widget-container\">\n\t\t\t\t\t<p class=\"elementor-heading-title elementor-size-default\">La norma de gesti\u00f3n de la calidad ISO 9001 es la norma m\u00e1s utilizada en la gesti\u00f3n de la calidad, tanto a nivel nacional como internacional. La certificaci\u00f3n ISO describe el proceso por el que una empresa obtiene una prueba de conformidad, confirmando que se cumplen las normas ISO. Como socio inform\u00e1tico consolidado y experimentado, VALEO IT ofrece soluciones inform\u00e1ticas independientes del sector. Entre nuestros clientes se encuentran peque\u00f1as y medianas empresas, as\u00ed como corporaciones que operan a escala mundial, autoridades e instituciones p\u00fablicas. <br> <br>\n\nUna organizaci\u00f3n que aprende y mejora continuamente necesita un buen sistema de gesti\u00f3n de la calidad. El nuestro ha sido certificado conforme a la norma ISO 9001:2015 por los auditores independientes de T\u00dcV S\u00dcD AG. La certificaci\u00f3n confirma que VALEO IT ha introducido y aplica con \u00e9xito un sistema de gesti\u00f3n de la calidad eficaz conforme a la norma DIN EN ISO 9001:2015.  <br> <br>\n\nThe certificate covers the scope \"IT services in the areas of consulting, service and support as well as software development\".  <br> <br>\n\nAnnual monitoring audits will follow. With our quality standards, we also want to maintain and further develop a high standard of our company services in the future.  <br> <br>\n\nAuditing and compliance with standards helps us to ensure that our customers receive high-quality products and services. This enables us to identify and meet the needs of our customers and to continuously improve customer satisfaction.<\/p>\t\t\t\t<\/div>\n\t\t\t\t<\/div>\n\t\t\t\t\t<\/div>\n\t\t<\/div>\n\t\t\t\t<div class=\"elementor-column elementor-col-25 elementor-top-column elementor-element elementor-element-46e7e9f\" data-id=\"46e7e9f\" data-element_type=\"column\" data-e-type=\"column\">\n\t\t\t<div class=\"elementor-widget-wrap elementor-element-populated\">\n\t\t\t\t\t\t<div class=\"elementor-element elementor-element-980d912 elementor-widget elementor-widget-image\" data-id=\"980d912\" data-element_type=\"widget\" data-e-type=\"widget\" data-widget_type=\"image.default\">\n\t\t\t\t<div class=\"elementor-widget-container\">\n\t\t\t\t\t\t\t\t\t\t\t\t\t\t\t<img fetchpriority=\"high\" decoding=\"async\" width=\"1024\" height=\"683\" src=\"https:\/\/staging.valeo-it.com\/wp-content\/uploads\/2023\/09\/220811-news-VALEO-IT-Services-International-GmbH-is-now-certified-1024x683-1.png\" class=\"attachment-full size-full wp-image-13353\" alt=\"\" srcset=\"https:\/\/staging.valeo-it.com\/wp-content\/uploads\/2023\/09\/220811-news-VALEO-IT-Services-International-GmbH-is-now-certified-1024x683-1.png 1024w, https:\/\/staging.valeo-it.com\/wp-content\/uploads\/2023\/09\/220811-news-VALEO-IT-Services-International-GmbH-is-now-certified-1024x683-1-300x200.png 300w, https:\/\/staging.valeo-it.com\/wp-content\/uploads\/2023\/09\/220811-news-VALEO-IT-Services-International-GmbH-is-now-certified-1024x683-1-768x512.png 768w, https:\/\/staging.valeo-it.com\/wp-content\/uploads\/2023\/09\/220811-news-VALEO-IT-Services-International-GmbH-is-now-certified-1024x683-1-18x12.png 18w\" sizes=\"(max-width: 1024px) 100vw, 1024px\" \/>\t\t\t\t\t\t\t\t\t\t\t\t\t\t\t<\/div>\n\t\t\t\t<\/div>\n\t\t\t\t\t<\/div>\n\t\t<\/div>\n\t\t\t\t<div class=\"elementor-column elementor-col-25 elementor-top-column elementor-element elementor-element-fd72586\" data-id=\"fd72586\" data-element_type=\"column\" data-e-type=\"column\">\n\t\t\t<div class=\"elementor-widget-wrap\">\n\t\t\t\t\t\t\t<\/div>\n\t\t<\/div>\n\t\t\t\t\t<\/div>\n\t\t<\/section>\n\t\t\t\t<section class=\"elementor-section elementor-top-section elementor-element elementor-element-f9cc347 elementor-section-full_width elementor-hidden-desktop elementor-section-height-default elementor-section-height-default\" data-id=\"f9cc347\" data-element_type=\"section\" data-e-type=\"section\">\n\t\t\t\t\t\t<div class=\"elementor-container elementor-column-gap-default\">\n\t\t\t\t\t<div class=\"elementor-column elementor-col-25 elementor-top-column elementor-element elementor-element-964d0ae\" data-id=\"964d0ae\" data-element_type=\"column\" data-e-type=\"column\">\n\t\t\t<div class=\"elementor-widget-wrap\">\n\t\t\t\t\t\t\t<\/div>\n\t\t<\/div>\n\t\t\t\t<div class=\"elementor-column elementor-col-25 elementor-top-column elementor-element elementor-element-7ae31a2\" data-id=\"7ae31a2\" data-element_type=\"column\" data-e-type=\"column\">\n\t\t\t<div class=\"elementor-widget-wrap elementor-element-populated\">\n\t\t\t\t\t\t<div class=\"elementor-element elementor-element-3e0019a elementor-widget elementor-widget-heading\" data-id=\"3e0019a\" data-element_type=\"widget\" data-e-type=\"widget\" data-widget_type=\"heading.default\">\n\t\t\t\t<div class=\"elementor-widget-container\">\n\t\t\t\t\t<h5 class=\"elementor-heading-title elementor-size-default\">VALEO IT Services International GmbH ya est\u00e1 certificada<\/h5>\t\t\t\t<\/div>\n\t\t\t\t<\/div>\n\t\t\t\t<div class=\"elementor-element elementor-element-2d51f2d elementor-widget elementor-widget-heading\" data-id=\"2d51f2d\" data-element_type=\"widget\" data-e-type=\"widget\" data-widget_type=\"heading.default\">\n\t\t\t\t<div class=\"elementor-widget-container\">\n\t\t\t\t\t<p class=\"elementor-heading-title elementor-size-default\">07.09.2021 | Germany<\/p>\t\t\t\t<\/div>\n\t\t\t\t<\/div>\n\t\t\t\t<div class=\"elementor-element elementor-element-e747c5e elementor-widget elementor-widget-heading\" data-id=\"e747c5e\" data-element_type=\"widget\" data-e-type=\"widget\" data-widget_type=\"heading.default\">\n\t\t\t\t<div class=\"elementor-widget-container\">\n\t\t\t\t\t<p class=\"elementor-heading-title elementor-size-default\">La norma de gesti\u00f3n de la calidad ISO 9001 es la norma m\u00e1s utilizada en la gesti\u00f3n de la calidad, tanto a nivel nacional como internacional. La certificaci\u00f3n ISO describe el proceso por el que una empresa obtiene una prueba de conformidad, confirmando que se cumplen las normas ISO. Como socio inform\u00e1tico consolidado y experimentado, VALEO IT ofrece soluciones inform\u00e1ticas independientes del sector. Entre nuestros clientes se encuentran peque\u00f1as y medianas empresas, as\u00ed como corporaciones que operan a escala mundial, autoridades e instituciones p\u00fablicas. <br> <br>\n\nUna organizaci\u00f3n que aprende y mejora continuamente necesita un buen sistema de gesti\u00f3n de la calidad. El nuestro ha sido certificado conforme a la norma ISO 9001:2015 por los auditores independientes de T\u00dcV S\u00dcD AG. La certificaci\u00f3n confirma que VALEO IT ha introducido y aplica con \u00e9xito un sistema de gesti\u00f3n de la calidad eficaz conforme a la norma DIN EN ISO 9001:2015.  <br> <br>\n\nThe certificate covers the scope \"IT services in the areas of consulting, service and support as well as software development\".  <br> <br>\n\nAnnual monitoring audits will follow. With our quality standards, we also want to maintain and further develop a high standard of our company services in the future.  <br> <br>\n\nAuditing and compliance with standards helps us to ensure that our customers receive high-quality products and services. This enables us to identify and meet the needs of our customers and to continuously improve customer satisfaction.<\/p>\t\t\t\t<\/div>\n\t\t\t\t<\/div>\n\t\t\t\t\t<\/div>\n\t\t<\/div>\n\t\t\t\t<div class=\"elementor-column elementor-col-25 elementor-top-column elementor-element elementor-element-a9c15cc\" data-id=\"a9c15cc\" data-element_type=\"column\" data-e-type=\"column\">\n\t\t\t<div class=\"elementor-widget-wrap elementor-element-populated\">\n\t\t\t\t\t\t<div class=\"elementor-element elementor-element-8dd9ad8 elementor-widget elementor-widget-image\" data-id=\"8dd9ad8\" data-element_type=\"widget\" data-e-type=\"widget\" data-widget_type=\"image.default\">\n\t\t\t\t<div class=\"elementor-widget-container\">\n\t\t\t\t\t\t\t\t\t\t\t\t\t\t\t<img fetchpriority=\"high\" decoding=\"async\" width=\"1024\" height=\"683\" src=\"https:\/\/staging.valeo-it.com\/wp-content\/uploads\/2023\/09\/220811-news-VALEO-IT-Services-International-GmbH-is-now-certified-1024x683-1.png\" class=\"attachment-full size-full wp-image-13353\" alt=\"\" srcset=\"https:\/\/staging.valeo-it.com\/wp-content\/uploads\/2023\/09\/220811-news-VALEO-IT-Services-International-GmbH-is-now-certified-1024x683-1.png 1024w, https:\/\/staging.valeo-it.com\/wp-content\/uploads\/2023\/09\/220811-news-VALEO-IT-Services-International-GmbH-is-now-certified-1024x683-1-300x200.png 300w, https:\/\/staging.valeo-it.com\/wp-content\/uploads\/2023\/09\/220811-news-VALEO-IT-Services-International-GmbH-is-now-certified-1024x683-1-768x512.png 768w, https:\/\/staging.valeo-it.com\/wp-content\/uploads\/2023\/09\/220811-news-VALEO-IT-Services-International-GmbH-is-now-certified-1024x683-1-18x12.png 18w\" sizes=\"(max-width: 1024px) 100vw, 1024px\" \/>\t\t\t\t\t\t\t\t\t\t\t\t\t\t\t<\/div>\n\t\t\t\t<\/div>\n\t\t\t\t\t<\/div>\n\t\t<\/div>\n\t\t\t\t<div class=\"elementor-column elementor-col-25 elementor-top-column elementor-element elementor-element-0e82105\" data-id=\"0e82105\" data-element_type=\"column\" data-e-type=\"column\">\n\t\t\t<div class=\"elementor-widget-wrap\">\n\t\t\t\t\t\t\t<\/div>\n\t\t<\/div>\n\t\t\t\t\t<\/div>\n\t\t<\/section>\n\t\t\t\t<section class=\"elementor-section elementor-top-section elementor-element elementor-element-fe1007b elementor-section-full_width elementor-hidden-tablet elementor-hidden-mobile elementor-section-height-default elementor-section-height-default\" data-id=\"fe1007b\" data-element_type=\"section\" data-e-type=\"section\">\n\t\t\t\t\t\t<div class=\"elementor-container elementor-column-gap-default\">\n\t\t\t\t\t<div class=\"elementor-column elementor-col-33 elementor-top-column elementor-element elementor-element-5323bd3\" data-id=\"5323bd3\" data-element_type=\"column\" data-e-type=\"column\">\n\t\t\t<div class=\"elementor-widget-wrap\">\n\t\t\t\t\t\t\t<\/div>\n\t\t<\/div>\n\t\t\t\t<div class=\"elementor-column elementor-col-33 elementor-top-column elementor-element elementor-element-acbc220\" data-id=\"acbc220\" data-element_type=\"column\" data-e-type=\"column\">\n\t\t\t<div class=\"elementor-widget-wrap elementor-element-populated\">\n\t\t\t\t\t\t<div class=\"elementor-element elementor-element-eec31e9 elementor-hidden-tablet elementor-hidden-mobile elementor-widget elementor-widget-button\" data-id=\"eec31e9\" data-element_type=\"widget\" data-e-type=\"widget\" data-widget_type=\"button.default\">\n\t\t\t\t<div class=\"elementor-widget-container\">\n\t\t\t\t\t\t\t\t\t<div class=\"elementor-button-wrapper\">\n\t\t\t\t\t<a class=\"elementor-button elementor-button-link elementor-size-sm\" href=\"https:\/\/staging.valeo-it.com\/es\/updates\/\">\n\t\t\t\t\t\t<span class=\"elementor-button-content-wrapper\">\n\t\t\t\t\t\t\t\t\t<span class=\"elementor-button-text\">Back<\/span>\n\t\t\t\t\t<\/span>\n\t\t\t\t\t<\/a>\n\t\t\t\t<\/div>\n\t\t\t\t\t\t\t\t<\/div>\n\t\t\t\t<\/div>\n\t\t\t\t\t<\/div>\n\t\t<\/div>\n\t\t\t\t<div class=\"elementor-column elementor-col-33 elementor-top-column elementor-element elementor-element-c6b2365\" data-id=\"c6b2365\" data-element_type=\"column\" data-e-type=\"column\">\n\t\t\t<div class=\"elementor-widget-wrap\">\n\t\t\t\t\t\t\t<\/div>\n\t\t<\/div>\n\t\t\t\t\t<\/div>\n\t\t<\/section>\n\t\t\t\t<section class=\"elementor-section elementor-top-section elementor-element elementor-element-c3b8c64 elementor-section-full_width elementor-hidden-desktop elementor-section-height-default elementor-section-height-default\" data-id=\"c3b8c64\" data-element_type=\"section\" data-e-type=\"section\">\n\t\t\t\t\t\t<div class=\"elementor-container elementor-column-gap-default\">\n\t\t\t\t\t<div class=\"elementor-column elementor-col-33 elementor-top-column elementor-element elementor-element-0702533\" data-id=\"0702533\" data-element_type=\"column\" data-e-type=\"column\">\n\t\t\t<div class=\"elementor-widget-wrap\">\n\t\t\t\t\t\t\t<\/div>\n\t\t<\/div>\n\t\t\t\t<div class=\"elementor-column elementor-col-33 elementor-top-column elementor-element elementor-element-9bfd02b\" data-id=\"9bfd02b\" data-element_type=\"column\" data-e-type=\"column\">\n\t\t\t<div class=\"elementor-widget-wrap elementor-element-populated\">\n\t\t\t\t\t\t<div class=\"elementor-element elementor-element-91bdce1 elementor-hidden-desktop elementor-widget elementor-widget-button\" data-id=\"91bdce1\" data-element_type=\"widget\" data-e-type=\"widget\" data-widget_type=\"button.default\">\n\t\t\t\t<div class=\"elementor-widget-container\">\n\t\t\t\t\t\t\t\t\t<div class=\"elementor-button-wrapper\">\n\t\t\t\t\t<a class=\"elementor-button elementor-button-link elementor-size-sm\" href=\"https:\/\/staging.valeo-it.com\/es\/updates\/\">\n\t\t\t\t\t\t<span class=\"elementor-button-content-wrapper\">\n\t\t\t\t\t\t\t\t\t<span class=\"elementor-button-text\">Back<\/span>\n\t\t\t\t\t<\/span>\n\t\t\t\t\t<\/a>\n\t\t\t\t<\/div>\n\t\t\t\t\t\t\t\t<\/div>\n\t\t\t\t<\/div>\n\t\t\t\t\t<\/div>\n\t\t<\/div>\n\t\t\t\t<div class=\"elementor-column elementor-col-33 elementor-top-column elementor-element elementor-element-1531bc3\" data-id=\"1531bc3\" data-element_type=\"column\" data-e-type=\"column\">\n\t\t\t<div class=\"elementor-widget-wrap\">\n\t\t\t\t\t\t\t<\/div>\n\t\t<\/div>\n\t\t\t\t\t<\/div>\n\t\t<\/section>\n\t\t\t\t<section class=\"elementor-section elementor-top-section elementor-element elementor-element-edcaaba elementor-section-full_width elementor-hidden-tablet elementor-hidden-mobile elementor-section-height-default elementor-section-height-default\" data-id=\"edcaaba\" data-element_type=\"section\" data-e-type=\"section\">\n\t\t\t\t\t\t<div class=\"elementor-container elementor-column-gap-default\">\n\t\t\t\t\t<div class=\"elementor-column elementor-col-100 elementor-top-column elementor-element elementor-element-10548eb\" data-id=\"10548eb\" data-element_type=\"column\" data-e-type=\"column\">\n\t\t\t<div class=\"elementor-widget-wrap elementor-element-populated\">\n\t\t\t\t\t\t<div class=\"elementor-element elementor-element-28a217a elementor-widget elementor-widget-html\" data-id=\"28a217a\" data-element_type=\"widget\" data-e-type=\"widget\" data-widget_type=\"html.default\">\n\t\t\t\t<div class=\"elementor-widget-container\">\n\t\t\t\t\t<style>\n    body {\n        overflow: visible;\n    }\n<\/style>\t\t\t\t<\/div>\n\t\t\t\t<\/div>\n\t\t\t\t\t<\/div>\n\t\t<\/div>\n\t\t\t\t\t<\/div>\n\t\t<\/section>\n\t\t\t\t<section class=\"elementor-section elementor-top-section elementor-element elementor-element-475385f elementor-section-full_width elementor-hidden-tablet elementor-hidden-mobile elementor-section-height-default elementor-section-height-default\" data-id=\"475385f\" data-element_type=\"section\" data-e-type=\"section\">\n\t\t\t\t\t\t<div class=\"elementor-container elementor-column-gap-default\">\n\t\t\t\t\t<div class=\"elementor-column elementor-col-100 elementor-top-column elementor-element elementor-element-7de3580\" data-id=\"7de3580\" data-element_type=\"column\" data-e-type=\"column\">\n\t\t\t<div class=\"elementor-widget-wrap\">\n\t\t\t\t\t\t\t<\/div>\n\t\t<\/div>\n\t\t\t\t\t<\/div>\n\t\t<\/section>\n\t\t\t\t<\/div>","protected":false},"excerpt":{"rendered":"<p>Certified to DIN ISO 9001:2015! Certified to DIN ISO 9001:2015! VALEO IT Services International GmbH is now certified 07.09.2021 | Germany The quality management standard ISO 9001 is the most widely used standard in quality management, both nationally and internationally. ISO certification describes the process by which a company obtains proof of conformity, confirming that [&hellip;]<\/p>\n","protected":false},"author":1,"featured_media":0,"parent":0,"menu_order":0,"comment_status":"closed","ping_status":"closed","template":"","meta":{"footnotes":""},"class_list":["post-13351","page","type-page","status-publish","hentry"],"_links":{"self":[{"href":"https:\/\/staging.valeo-it.com\/es\/wp-json\/wp\/v2\/pages\/13351","targetHints":{"allow":["GET"]}}],"collection":[{"href":"https:\/\/staging.valeo-it.com\/es\/wp-json\/wp\/v2\/pages"}],"about":[{"href":"https:\/\/staging.valeo-it.com\/es\/wp-json\/wp\/v2\/types\/page"}],"author":[{"embeddable":true,"href":"https:\/\/staging.valeo-it.com\/es\/wp-json\/wp\/v2\/users\/1"}],"replies":[{"embeddable":true,"href":"https:\/\/staging.valeo-it.com\/es\/wp-json\/wp\/v2\/comments?post=13351"}],"version-history":[{"count":21,"href":"https:\/\/staging.valeo-it.com\/es\/wp-json\/wp\/v2\/pages\/13351\/revisions"}],"predecessor-version":[{"id":16117,"href":"https:\/\/staging.valeo-it.com\/es\/wp-json\/wp\/v2\/pages\/13351\/revisions\/16117"}],"wp:attachment":[{"href":"https:\/\/staging.valeo-it.com\/es\/wp-json\/wp\/v2\/media?parent=13351"}],"curies":[{"name":"wp","href":"https:\/\/api.w.org\/{rel}","templated":true}]}}